{"id":364,"date":"2015-09-16T10:39:02","date_gmt":"2015-09-16T10:39:02","guid":{"rendered":"https:\/\/castiel-group.com\/es\/our-services\/"},"modified":"2015-11-29T16:44:11","modified_gmt":"2015-11-29T16:44:11","slug":"nuestros-servicios","status":"publish","type":"page","link":"https:\/\/castiel-group.com\/es\/nuestros-servicios\/","title":{"rendered":"Nuestros Servicios"},"content":{"rendered":"<div id='layer_slider_1' class='avia-layerslider main_color avia-shadow  container_wrap fullsize'    style='height: 355px;' ><\/div>\n<\/div><\/div><\/div><!-- close content main div --><\/div><\/div><div id='business-development' class='avia-section main_color avia-section-default avia-no-shadow avia-bg-style-scroll  container_wrap fullsize' style = 'background-color: #fbfbfb; '  ><div class='container' ><div class='template-page content  av-content-full alpha units'><div class='post-entry post-entry-type-page post-entry-364'><div class='entry-content-wrapper clearfix'>\n<div class=\"flex_column av_one_fourth  flex_column_div av-zero-column-padding first  \" style='border-radius:0px; '><section class=\"av_textblock_section\"  itemscope=\"itemscope\" itemtype=\"https:\/\/schema.org\/CreativeWork\" ><div class='avia_textblock '   itemprop=\"text\" ><p style=\"text-align: center;\"><a href=\"https:\/\/castiel-group.com\/es\/nuestros-servicios\/#market-penetration\"><img decoding=\"async\" loading=\"lazy\" class=\"alignnone size-full wp-image-179\" src=\"https:\/\/castiel-group.com\/wp-content\/uploads\/2015\/09\/4322372.png\" alt=\"icp1\" width=\"80\" height=\"58\" \/><\/a><\/p>\n<p style=\"text-align: center;\"><strong><span class=\"av_icon_caption av-special-font exo-regular\"><b><a href=\"https:\/\/castiel-group.com\/es\/nuestros-servicios\/#market-penetration\">Penetraci\u00f3n de Mercados<\/a><\/b><\/span><\/strong><\/p>\n<\/div><\/section><\/div><div class=\"flex_column av_one_fourth  flex_column_div av-zero-column-padding   \" style='border-radius:0px; '><section class=\"av_textblock_section\"  itemscope=\"itemscope\" itemtype=\"https:\/\/schema.org\/CreativeWork\" ><div class='avia_textblock '   itemprop=\"text\" ><p style=\"text-align: center;\"><a href=\"https:\/\/castiel-group.com\/es\/nuestros-servicios\/#sales-operation\"><img decoding=\"async\" loading=\"lazy\" class=\"alignnone size-full wp-image-179\" src=\"https:\/\/castiel-group.com\/wp-content\/uploads\/2015\/09\/4322832.png\" alt=\"icp1\" width=\"64\" height=\"58\" \/><\/a><\/p>\n<p style=\"text-align: center;\"><strong><span class=\"av_icon_caption av-special-font exo-regular\"><b><a href=\"https:\/\/castiel-group.com\/es\/nuestros-servicios\/#sales-operation\">Servicios operativos de venta<\/a><\/b><\/span><\/strong><\/p>\n<\/div><\/section><\/div><div class=\"flex_column av_one_fourth  flex_column_div av-zero-column-padding   \" style='border-radius:0px; '><section class=\"av_textblock_section\"  itemscope=\"itemscope\" itemtype=\"https:\/\/schema.org\/CreativeWork\" ><div class='avia_textblock '   itemprop=\"text\" ><p style=\"text-align: center;\"><a href=\"https:\/\/castiel-group.com\/es\/nuestros-servicios\/#distribution\"><img decoding=\"async\" loading=\"lazy\" class=\"alignnone size-full wp-image-179\" src=\"https:\/\/castiel-group.com\/wp-content\/uploads\/2015\/09\/4322837.png\" alt=\"Distribuci\u00f3n\" width=\"80\" height=\"58\" \/><\/a><\/p>\n<p style=\"text-align: center;\"><strong><span class=\"av_icon_caption av-special-font exo-regular\"><b><a href=\"https:\/\/castiel-group.com\/es\/nuestros-servicios\/#distribution\">Distribuci\u00f3n<\/a><\/b><\/span><\/strong><\/p>\n<\/div><\/section><\/div><div class=\"flex_column av_one_fourth  flex_column_div av-zero-column-padding   \" style='border-radius:0px; '><section class=\"av_textblock_section\"  itemscope=\"itemscope\" itemtype=\"https:\/\/schema.org\/CreativeWork\" ><div class='avia_textblock '   itemprop=\"text\" ><p style=\"text-align: center;\"><a href=\"https:\/\/castiel-group.com\/es\/nuestros-servicios\/#channel-development-management\"><img decoding=\"async\" loading=\"lazy\" class=\"alignnone size-full wp-image-179\" src=\"https:\/\/castiel-group.com\/wp-content\/uploads\/2015\/09\/4322841.png\" alt=\"Desarrollo y administraci\u00f3n de canales de distribuci\u00f3n\" width=\"80\" height=\"58\" \/><\/a><\/p>\n<p style=\"text-align: center;\"><strong><span class=\"av_icon_caption av-special-font exo-regular\"><b><a href=\"https:\/\/castiel-group.com\/es\/nuestros-servicios\/#channel-development-management\">Desarrollo y administraci\u00f3n de canales de distribuci\u00f3n<\/a><\/b><\/span><\/strong><\/p>\n<\/div><\/section><\/div>\n\n<\/div><\/div><\/div><!-- close content main div --><\/div><\/div><div id='market-penetration' class='avia-section main_color avia-section-default avia-no-shadow avia-bg-style-scroll  container_wrap fullsize' style = 'background-color: #eaecf4; '  ><div class='container' ><div class='template-page content  av-content-full alpha units'><div class='post-entry post-entry-type-page post-entry-364'><div class='entry-content-wrapper clearfix'>\n<section class=\"av_textblock_section\"  itemscope=\"itemscope\" itemtype=\"https:\/\/schema.org\/CreativeWork\" ><div class='avia_textblock '  style='font-size:36px; '  itemprop=\"text\" ><h1 class=\"mhf\" style=\"text-align: center;\"><img decoding=\"async\" src=\"https:\/\/castiel-group.com\/wp-content\/uploads\/2015\/09\/4322372.png\" alt=\"\" \/><br \/>\nPENETRACI\u00d3N<br \/>\n<span class=\"exo-bold\">DE MERCADOS<\/span><\/h1>\n<\/div><\/section>\n<div style=' margin-top:30px; margin-bottom:30px;'  class='hr hr-custom hr-center hr-icon-no '><span class='hr-inner   inner-border-av-border-fat' style=' width:100%; border-color:#f7941e;' ><span class='hr-inner-style'><\/span><\/span><\/div>\n<div class=\"flex_column av_one_half  flex_column_div av-zero-column-padding first  \" style='border-radius:0px; '><section class=\"av_textblock_section\"  itemscope=\"itemscope\" itemtype=\"https:\/\/schema.org\/CreativeWork\" ><div class='avia_textblock '   itemprop=\"text\" ><p>Sin importar el tama\u00f1o de su compa\u00f1\u00eda, entrar en un nuevo mercado puede ser todo un reto, la cultura de negocios es diferente en cada pa\u00eds y los procesos de cada compa\u00f1\u00eda requieren una atenci\u00f3n adecuada.<br \/>\nCastiel Group puede ser una gran herramienta que le provee un an\u00e1lisis del mercado para obtener el conocimiento adecuado y tomar la mejor decisi\u00f3n para el crecimiento de su negocio. Con nuestro liderazgo le guiaremos paso a paso a iniciar actividades que le permitir\u00e1n realizar buenos negocios y relaciones duraderas. Trabajamos con estrictos niveles de confidencialidad.<\/p>\n<\/div><\/section><\/div><div class=\"flex_column av_one_half  flex_column_div av-zero-column-padding   \" style='border-radius:0px; '><section class=\"av_textblock_section\"  itemscope=\"itemscope\" itemtype=\"https:\/\/schema.org\/CreativeWork\" ><div class='avia_textblock '   itemprop=\"text\" ><h3 class=\"exo-bold\">Las visitas incluir\u00e1n:<\/h3>\n<ul class=\"mybullet\">\n<li>Reuniones con clientes potenciales, socios y \/o distribuidores en regiones clave.<\/li>\n<li>Informaci\u00f3n del tama\u00f1o del mercado, competencia, requisitos legales, tratados de comercio internacional.<\/li>\n<li>Conocimiento de las tendencias y precios en el mercado.<\/li>\n<li>Introducci\u00f3n a la cultura corporativa, servicios de negociaci\u00f3n y ventas.<\/li>\n<\/ul>\n<\/div><\/section><\/div><section class=\"av_textblock_section\"  itemscope=\"itemscope\" itemtype=\"https:\/\/schema.org\/CreativeWork\" ><div class='avia_textblock '  style='font-size:24px; '  itemprop=\"text\" ><p style=\"text-align: center;\"><span style=\"font-size: 24px;\">Ll\u00e1menos para una entrevista y conozca c\u00f3mo nuestro equipo<\/span><br \/>\n<span class=\"exo-bold\">puede apoyarle en su plan de expansi\u00f3n para nuevos mercados!<\/span><\/p>\n<\/div><\/section>\n<div class='avia-button-wrap avia-button-center '><a href='https:\/\/castiel-group.com\/es\/#contact' class='avia-button  avia-icon_select-no avia-color-custom avia-size-x-large avia-position-center '  style='background-color:#6c78a6; border-color:#6c78a6; color:#eaecf4; ' ><span class='avia_iconbox_title' >CONTACTO<\/span><\/a><\/div>\n\n<\/div><\/div><\/div><!-- close content main div --><\/div><\/div><div id='sales-operation' class='avia-section main_color avia-section-default avia-no-shadow avia-bg-style-scroll  container_wrap fullsize' style = 'background-color: #ffffff; '  ><div class='container' ><div class='template-page content  av-content-full alpha units'><div class='post-entry post-entry-type-page post-entry-364'><div class='entry-content-wrapper clearfix'>\n<section class=\"av_textblock_section\"  itemscope=\"itemscope\" itemtype=\"https:\/\/schema.org\/CreativeWork\" ><div class='avia_textblock '  style='font-size:36px; '  itemprop=\"text\" ><h1 class=\"mhf\" style=\"text-align: center;\"><img decoding=\"async\" src=\"https:\/\/castiel-group.com\/wp-content\/uploads\/2015\/09\/4322832.png\" alt=\"\" \/><br \/>\nSERVICIOS<br \/>\n<span class=\"exo-bold\">OPERATIVOS DE VENTA<\/span><\/h1>\n<\/div><\/section>\n<div style=' margin-top:30px; margin-bottom:30px;'  class='hr hr-custom hr-center hr-icon-no '><span class='hr-inner   inner-border-av-border-fat' style=' width:100%; border-color:#ffc90d;' ><span class='hr-inner-style'><\/span><\/span><\/div>\n<div class=\"flex_column av_one_half  flex_column_div av-zero-column-padding first  \" style='border-radius:0px; '><section class=\"av_textblock_section\"  itemscope=\"itemscope\" itemtype=\"https:\/\/schema.org\/CreativeWork\" ><div class='avia_textblock '   itemprop=\"text\" ><h3>C\u00f3mo vender? D\u00f3nde vender? A qui\u00e9n vender?<\/h3>\n<p>Son preguntas esenciales para tener \u00e9xito en nuevos mercados, nosotros sabemos la respuesta a esas preguntas y conocemos las habilidades necesarias para generar rentabilidad para su negocio en cada pa\u00eds.<br \/>\nNuestro conocimiento del mercado junto con nuestra red de contactos han ayudado a empresas extranjeras a mejorar el desempe\u00f1o de sus ventas e incrementar las ganancias en Am\u00e9rica Latina.<\/p>\n<\/div><\/section><\/div><div class=\"flex_column av_one_half  flex_column_div av-zero-column-padding   \" style='border-radius:0px; '><section class=\"av_textblock_section\"  itemscope=\"itemscope\" itemtype=\"https:\/\/schema.org\/CreativeWork\" ><div class='avia_textblock '   itemprop=\"text\" ><h3 class=\"exo-bold\">Nuestra experiencia nos permite ofrecerle los siguientes servicios:<\/h3>\n<ul class=\"mybullet\">\n<li>Administraci\u00f3n de ejecutivos de venta.<\/li>\n<li>Optimizar la estrategia de venta de los productos existentes.<\/li>\n<li>Conseguir y mantener cuentas estrat\u00e9gicas.<\/li>\n<li>Introducci\u00f3n de nuevos productos a trav\u00e9s de un plan de mercadeo.<\/li>\n<li>Servicios de negociaci\u00f3n y coaching en su nombre.<\/li>\n<\/ul>\n<\/div><\/section><\/div><section class=\"av_textblock_section\"  itemscope=\"itemscope\" itemtype=\"https:\/\/schema.org\/CreativeWork\" ><div class='avia_textblock '  style='font-size:24px; '  itemprop=\"text\" ><p style=\"text-align: center;\"><span style=\"font-size: 24px;\">CON NUESTROS &#8220;KNOW HOW&#8221; y &#8220;HOW WE KNOW&#8221;<\/span><br \/>\n<span class=\"exo-bold\"> PODEMOS CONSEGUIR UN INCREMENTO DE INGRESOS PARA SU NEGOCIO.<\/span><\/p>\n<\/div><\/section>\n<div class='avia-button-wrap avia-button-center '><a href='https:\/\/castiel-group.com\/es\/#contact' class='avia-button  avia-icon_select-no avia-color-custom avia-size-x-large avia-position-center '  style='background-color:#6c78a6; border-color:#6c78a6; color:#eaecf4; ' ><span class='avia_iconbox_title' >CONTACTO<\/span><\/a><\/div>\n\n<\/div><\/div><\/div><!-- close content main div --><\/div><\/div><div id='distribution' class='avia-section main_color avia-section-default avia-no-shadow avia-bg-style-scroll  container_wrap fullsize' style = 'background-color: #eaecf4; '  ><div class='container' ><div class='template-page content  av-content-full alpha units'><div class='post-entry post-entry-type-page post-entry-364'><div class='entry-content-wrapper clearfix'>\n<section class=\"av_textblock_section\"  itemscope=\"itemscope\" itemtype=\"https:\/\/schema.org\/CreativeWork\" ><div class='avia_textblock '  style='font-size:36px; '  itemprop=\"text\" ><h1 class=\"mhf\" style=\"text-align: center;\"><img decoding=\"async\" src=\"https:\/\/castiel-group.com\/wp-content\/uploads\/2015\/09\/4322837.png\" alt=\"DISTRIBUCI\u00d3N\" \/><br \/>\n<span class=\"exo-bold\">DISTRIBUCI\u00d3N<\/span><\/h1>\n<\/div><\/section>\n<div style=' margin-top:30px; margin-bottom:30px;'  class='hr hr-custom hr-center hr-icon-no '><span class='hr-inner   inner-border-av-border-fat' style=' width:100%; border-color:#a2cd3d;' ><span class='hr-inner-style'><\/span><\/span><\/div>\n<div class=\"flex_column av_one_half  flex_column_div av-zero-column-padding first  \" style='border-radius:0px; '><section class=\"av_textblock_section\"  itemscope=\"itemscope\" itemtype=\"https:\/\/schema.org\/CreativeWork\" ><div class='avia_textblock '   itemprop=\"text\" ><p>Representamos empresas que buscan presencia en mercados espec\u00edficos. Nos convertimos en los responsables de generar nuevas oportunidades de venta para sus productos. Gestionando sus procesos locales, implementando sus pol\u00edticas y procedimientos para llevar sus productos o servicios a los mercados de Am\u00e9rica Latina. Aplicamos nuestra experiencia, habilidades de negociaci\u00f3n y conocimiento de cada pa\u00eds para lograr los objetivos.<\/p>\n<\/div><\/section><\/div><div class=\"flex_column av_one_half  flex_column_div av-zero-column-padding   \" style='border-radius:0px; '><section class=\"av_textblock_section\"  itemscope=\"itemscope\" itemtype=\"https:\/\/schema.org\/CreativeWork\" ><div class='avia_textblock '   itemprop=\"text\" ><h3 class=\"exo-bold\">Con nuestro servicio usted obtendr\u00e1:<\/h3>\n<ul class=\"mybullet\">\n<li>Conocimiento del mercado local y los acuerdos comerciales con los pa\u00edses de Am\u00e9rica Latina.<\/li>\n<li>Informaci\u00f3n sobre la competencia y tendencias del mercado.<\/li>\n<li>Experiencia en la administraci\u00f3n de la cadena de suministros.<\/li>\n<li>Conocimiento del estilo de negociaci\u00f3n de acuerdo a la \u201ccultura corporativa de cada pa\u00eds\u201d<\/li>\n<li>Habilidades de \u201ccierre\u201d.<\/li>\n<li>La implementaci\u00f3n de un plan de acci\u00f3n para clientes y prospectos.<\/li>\n<\/ul>\n<\/div><\/section><\/div><section class=\"av_textblock_section\"  itemscope=\"itemscope\" itemtype=\"https:\/\/schema.org\/CreativeWork\" ><div class='avia_textblock '  style='font-size:24px; '  itemprop=\"text\" ><p style=\"text-align: center;\"><span style=\"font-size: 24px;\">ADMINISTRAREMOS SU L\u00cdNEA DE PRODUCTOS COMO SI ESTUVIERA OPERANDO LOCALMENTE.<\/span><br \/>\n<span class=\"Exo-Bold\">DESEA SABER M\u00c1S?<\/span><\/p>\n<\/div><\/section>\n<div class='avia-button-wrap avia-button-center '><a href='https:\/\/castiel-group.com\/es\/#contact' class='avia-button  avia-icon_select-no avia-color-custom avia-size-x-large avia-position-center '  style='background-color:#6c78a6; border-color:#6c78a6; color:#eaecf4; ' ><span class='avia_iconbox_title' >CONTACTO<\/span><\/a><\/div>\n\n<\/div><\/div><\/div><!-- close content main div --><\/div><\/div><div id='channel-development-management' class='avia-section main_color avia-section-default avia-no-shadow avia-bg-style-scroll  container_wrap fullsize' style = 'background-color: #ffffff; '  ><div class='container' ><div class='template-page content  av-content-full alpha units'><div class='post-entry post-entry-type-page post-entry-364'><div class='entry-content-wrapper clearfix'>\n<section class=\"av_textblock_section\"  itemscope=\"itemscope\" itemtype=\"https:\/\/schema.org\/CreativeWork\" ><div class='avia_textblock '  style='font-size:36px; '  itemprop=\"text\" ><h1 class=\"mhf\" style=\"text-align: center;\"><img decoding=\"async\" src=\"https:\/\/castiel-group.com\/wp-content\/uploads\/2015\/09\/4322841.png\" alt=\"\" \/><br \/>\nDESARROLLO Y ADMINISTRACION DE<br \/>\n<span class=\"exo-bold\">CANALES DE DISTRIBUCI\u00d3N <\/span><\/h1>\n<\/div><\/section>\n<div style=' margin-top:30px; margin-bottom:30px;'  class='hr hr-custom hr-center hr-icon-no '><span class='hr-inner   inner-border-av-border-fat' style=' width:100%; border-color:#54c5d0;' ><span class='hr-inner-style'><\/span><\/span><\/div>\n<div class=\"flex_column av_one_half  flex_column_div av-zero-column-padding first  \" style='border-radius:0px; '><section class=\"av_textblock_section\"  itemscope=\"itemscope\" itemtype=\"https:\/\/schema.org\/CreativeWork\" ><div class='avia_textblock '   itemprop=\"text\" ><div class=\"clear\"><\/div>\n<div class=\"extra-space12\">Una buena estrategia aplicada a una red de distribuci\u00f3n contribuye a ganar la lealtad del cliente, optimizar los costos log\u00edsticos, mejorar la capacidad de respuesta y maximizar las oportunidades de ventas. Adem\u00e1s personalizar las relaciones con los clientes, aumentar\u00e1 el conocimiento de marca y sus beneficios.<br \/>\nTrabajamos de cerca para desarrollar y llevar a una etapa madura su red de distribuci\u00f3n, aplicando las mejores pr\u00e1cticas de negociaci\u00f3n y administraci\u00f3n del pa\u00eds. Con pleno conocimiento de contactos y la cultura de negocios, seleccionamos e implementamos la mejor estrategia de distribuci\u00f3n para su empresa.<\/div>\n<\/div><\/section><\/div><div class=\"flex_column av_one_half  flex_column_div av-zero-column-padding   \" style='border-radius:0px; '><section class=\"av_textblock_section\"  itemscope=\"itemscope\" itemtype=\"https:\/\/schema.org\/CreativeWork\" ><div class='avia_textblock '   itemprop=\"text\" ><h3 class=\"exo-bold\">Indicadores clave que ofrece nuestro servicio:<\/h3>\n<ul class=\"mybullet\">\n<li>Nuevas oportunidades para el crecimiento de los ingresos.<\/li>\n<li>La coordinaci\u00f3n de la actividad de CRM regional.<\/li>\n<li>Aumentar la visibilidad de los resultados del programa de trabajo.<\/li>\n<li>Monitoreo de actividad en los integrantes de la red a nivel intermedio o final.<\/li>\n<li>Administraci\u00f3n de cuentas.<\/li>\n<li>Maximizar la inversi\u00f3n realizada para Marketing y ventas.<\/li>\n<li>Desarrollar campa\u00f1as de marketing adaptadas a cada pa\u00eds.<\/li>\n<li>Informes mensuales detallados.<\/li>\n<\/ul>\n<\/div><\/section><\/div><section class=\"av_textblock_section\"  itemscope=\"itemscope\" itemtype=\"https:\/\/schema.org\/CreativeWork\" ><div class='avia_textblock '  style='font-size:24px; '  itemprop=\"text\" ><p style=\"text-align: center;\"><span style=\"font-size: 24px;\">DEFINITIVAMENTE PODEMOS SER SU SOCIO DE NEGOCIOS PARA ADMINISTRAR SU RED DE DISTRIBUCI\u00d3N EN AMERICA LATINA.<\/span><\/p>\n<\/div><\/section>\n<div class='avia-button-wrap avia-button-center '><a href='https:\/\/castiel-group.com\/es\/#contact' class='avia-button  avia-icon_select-no avia-color-custom avia-size-x-large avia-position-center '  style='background-color:#6c78a6; border-color:#6c78a6; color:#eaecf4; ' ><span class='avia_iconbox_title' >CONTACTO<\/span><\/a><\/div>\n<\/div><\/div><\/div><!-- close content main div --><\/div><\/div><div id='contact' class='avia-section main_color avia-section-default avia-no-shadow avia-full-stretch avia-bg-style-scroll  container_wrap fullsize' style = 'background-repeat: no-repeat; background-image: url(https:\/\/castiel-group.com\/wp-content\/uploads\/2015\/08\/contact-us-background.jpg); background-attachment: scroll; background-position: top left; ' data-section-bg-repeat='stretch' ><div class='container' ><div class='template-page content  av-content-full alpha units'><div class='post-entry post-entry-type-page post-entry-364'><div class='entry-content-wrapper clearfix'>\n<section class=\"av_textblock_section\"  itemscope=\"itemscope\" itemtype=\"https:\/\/schema.org\/CreativeWork\" ><div class='avia_textblock '   itemprop=\"text\" ><h1 class=\"mhf\" style=\"text-align: center; font-weight: normal;\"><strong class=\"exo-bold mhf\">CONTACTO<\/strong><\/h1>\n<\/div><\/section>\n<div style=' margin-top:0; margin-bottom:30px;'  class='hr hr-custom hr-center hr-icon-no '><span class='hr-inner   inner-border-av-border-fat' style=' width:122px; border-color:#012d6b;' ><span class='hr-inner-style'><\/span><\/span><\/div>\n<section class=\"av_textblock_section\"  itemscope=\"itemscope\" itemtype=\"https:\/\/schema.org\/CreativeWork\" ><div class='avia_textblock '   itemprop=\"text\" ><h3 style=\"text-align: center; text-transform: uppercase;\">Agradecemos sus comentarios y sugerencias<\/h3>\n<\/div><\/section>\n<div class=\"flex_column av_one_fourth  flex_column_div av-zero-column-padding first  \" style='border-radius:0px; '><\/div><div class=\"flex_column av_one_half  flex_column_div av-zero-column-padding   \" style='border-radius:0px; '><section class=\"av_textblock_section\"  itemscope=\"itemscope\" itemtype=\"https:\/\/schema.org\/CreativeWork\" ><div class='avia_textblock '   itemprop=\"text\" ><p style=\"text-align: left;\"><div role=\"form\" class=\"wpcf7\" id=\"wpcf7-f358-o1\" lang=\"en-US\" dir=\"ltr\">\n<div class=\"screen-reader-response\"><\/div>\n<form action=\"\/es\/wp-json\/wp\/v2\/pages\/364#wpcf7-f358-o1\" method=\"post\" class=\"wpcf7-form\" novalidate=\"novalidate\">\n<div style=\"display: none;\">\n<input type=\"hidden\" name=\"_wpcf7\" value=\"358\" \/>\n<input type=\"hidden\" name=\"_wpcf7_version\" value=\"4.3\" \/>\n<input type=\"hidden\" name=\"_wpcf7_locale\" value=\"en_US\" \/>\n<input type=\"hidden\" name=\"_wpcf7_unit_tag\" value=\"wpcf7-f358-o1\" \/>\n<input type=\"hidden\" name=\"_wpnonce\" value=\"a210b4e6eb\" \/>\n<\/div>\n<style>\nspan.wpcf7-form-control-wrap {\n    position: inherit !important;\n}\n<\/style>\n<div class=\"contact\">\n<div class=\"contact-first\">\n<div class=\"contact-sec\">\n<p><span class=\"wpcf7-form-control-wrap your-name\"><input type=\"text\" name=\"your-name\" value=\"\" size=\"40\" class=\"wpcf7-form-control wpcf7-text wpcf7-validates-as-required\" aria-required=\"true\" aria-invalid=\"false\" placeholder=\"Nombre completo *\" \/><\/span> <\/p>\n<\/div>\n<div class=\"contact-sec2\">\n<p> <span class=\"wpcf7-form-control-wrap your-company\"><input type=\"text\" name=\"your-company\" value=\"\" size=\"40\" class=\"wpcf7-form-control wpcf7-text wpcf7-validates-as-required\" aria-required=\"true\" aria-invalid=\"false\" placeholder=\"Empresa *\" \/><\/span> <\/p>\n<\/div>\n<\/div>\n<div class=\"contact-first\">\n<div class=\"contact-sec\">\n<p><span class=\"wpcf7-form-control-wrap your-phone\"><input type=\"text\" name=\"your-phone\" value=\"\" size=\"40\" class=\"wpcf7-form-control wpcf7-text wpcf7-validates-as-required\" aria-required=\"true\" aria-invalid=\"false\" placeholder=\"Tel\u00e9fono *\" \/><\/span> <\/p>\n<\/div>\n<div class=\"contact-sec2\">\n<p><span class=\"wpcf7-form-control-wrap your-email\"><input type=\"email\" name=\"your-email\" value=\"\" size=\"40\" class=\"wpcf7-form-control wpcf7-text wpcf7-email wpcf7-validates-as-required wpcf7-validates-as-email\" aria-required=\"true\" aria-invalid=\"false\" placeholder=\"E-mail *\" \/><\/span> <\/p>\n<\/div>\n<\/div>\n<p><span class=\"wpcf7-form-control-wrap your-subject\"><input type=\"text\" name=\"your-subject\" value=\"\" size=\"40\" class=\"wpcf7-form-control wpcf7-text\" aria-invalid=\"false\" placeholder=\"Asunto\" \/><\/span> <\/p>\n<p><span class=\"wpcf7-form-control-wrap your-message\"><textarea name=\"your-message\" cols=\"40\" rows=\"10\" class=\"wpcf7-form-control wpcf7-textarea\" aria-invalid=\"false\" placeholder=\"Mensaje\"><\/textarea><\/span> <\/p>\n<p style=\"text-align:center;\"><input type=\"submit\" value=\"Enviar\" class=\"wpcf7-form-control wpcf7-submit\" \/><\/p>\n<\/div>\n<p style=\"display: none !important;\"><label>&#916;<textarea name=\"_wpcf7_ak_hp_textarea\" cols=\"45\" rows=\"8\" maxlength=\"100\"><\/textarea><\/label><input type=\"hidden\" id=\"ak_js_1\" name=\"_wpcf7_ak_js\" value=\"127\"\/><script>document.getElementById( \"ak_js_1\" ).setAttribute( \"value\", ( new Date() ).getTime() );<\/script><\/p><div class=\"wpcf7-response-output wpcf7-display-none\"><\/div><\/form><\/div><\/p>\n<\/div><\/section><\/div><div class=\"flex_column av_one_fourth  flex_column_div av-zero-column-padding   \" style='border-radius:0px; '><\/div>\n<\/p>\n","protected":false},"excerpt":{"rendered":"","protected":false},"author":1,"featured_media":0,"parent":0,"menu_order":0,"comment_status":"closed","ping_status":"closed","template":"","meta":[],"_links":{"self":[{"href":"https:\/\/castiel-group.com\/es\/wp-json\/wp\/v2\/pages\/364"}],"collection":[{"href":"https:\/\/castiel-group.com\/es\/wp-json\/wp\/v2\/pages"}],"about":[{"href":"https:\/\/castiel-group.com\/es\/wp-json\/wp\/v2\/types\/page"}],"author":[{"embeddable":true,"href":"https:\/\/castiel-group.com\/es\/wp-json\/wp\/v2\/users\/1"}],"replies":[{"embeddable":true,"href":"https:\/\/castiel-group.com\/es\/wp-json\/wp\/v2\/comments?post=364"}],"version-history":[{"count":13,"href":"https:\/\/castiel-group.com\/es\/wp-json\/wp\/v2\/pages\/364\/revisions"}],"predecessor-version":[{"id":641,"href":"https:\/\/castiel-group.com\/es\/wp-json\/wp\/v2\/pages\/364\/revisions\/641"}],"wp:attachment":[{"href":"https:\/\/castiel-group.com\/es\/wp-json\/wp\/v2\/media?parent=364"}],"curies":[{"name":"wp","href":"https:\/\/api.w.org\/{rel}","templated":true}]}}