{"id":370,"date":"2015-09-16T09:58:02","date_gmt":"2015-09-16T09:58:02","guid":{"rendered":"https:\/\/castiel-group.com\/es\/printing-graphic-art\/"},"modified":"2015-12-01T11:37:00","modified_gmt":"2015-12-01T11:37:00","slug":"impresion-y-artes-graficas","status":"publish","type":"page","link":"https:\/\/castiel-group.com\/es\/impresion-y-artes-graficas\/","title":{"rendered":"Impresion y Artes Graficas"},"content":{"rendered":"<div id='layer_slider_1' class='avia-layerslider main_color avia-shadow  container_wrap fullsize'    style='height: 355px;' ><\/div>\n<\/div><\/div><\/div><!-- close content main div --><\/div><\/div><div id='business-development' class='avia-section main_color avia-section-default avia-no-shadow avia-bg-style-scroll  container_wrap fullsize' style = 'background-color: #fbfbfb; '  ><div class='container' ><div class='template-page content  av-content-full alpha units'><div class='post-entry post-entry-type-page post-entry-370'><div class='entry-content-wrapper clearfix'>\n<div class=\"flex_column av_one_fourth  flex_column_div av-zero-column-padding first  \" style='border-radius:0px; '><section class=\"av_textblock_section\"  itemscope=\"itemscope\" itemtype=\"https:\/\/schema.org\/CreativeWork\" ><div class='avia_textblock '   itemprop=\"text\" ><p style=\"text-align: center;\"><img decoding=\"async\" class=\"alignnone size-full wp-image-179\" src=\"https:\/\/castiel-group.com\/wp-content\/uploads\/2015\/09\/c1.png\" alt=\"icp1\" \/><\/p>\n<p style=\"text-align: center;\"><strong><span class=\"av_icon_caption av-special-font exo-regular\"><b>Offset<\/b><\/span><\/strong><\/p>\n<\/div><\/section><\/div><div class=\"flex_column av_one_fourth  flex_column_div av-zero-column-padding   \" style='border-radius:0px; '><section class=\"av_textblock_section\"  itemscope=\"itemscope\" itemtype=\"https:\/\/schema.org\/CreativeWork\" ><div class='avia_textblock '   itemprop=\"text\" ><p style=\"text-align: center;\"><img decoding=\"async\" class=\"alignnone size-full wp-image-179\" src=\"https:\/\/castiel-group.com\/wp-content\/uploads\/2015\/09\/c2.png\" alt=\"Impresi\u00f3n Digital\" \/><\/p>\n<p style=\"text-align: center;\"><strong><span class=\"av_icon_caption av-special-font exo-regular\"><b>Impresi\u00f3n Digital<\/b><\/span><\/strong><\/p>\n<\/div><\/section><\/div><div class=\"flex_column av_one_fourth  flex_column_div av-zero-column-padding   \" style='border-radius:0px; '><section class=\"av_textblock_section\"  itemscope=\"itemscope\" itemtype=\"https:\/\/schema.org\/CreativeWork\" ><div class='avia_textblock '   itemprop=\"text\" ><p style=\"text-align: center;\"><img decoding=\"async\" class=\"alignnone size-full wp-image-179\" src=\"https:\/\/castiel-group.com\/wp-content\/uploads\/2015\/09\/c3.png\" alt=\"Gran Formato\" width=\"110px\" \/><\/p>\n<p style=\"text-align: center;\"><strong><span class=\"av_icon_caption av-special-font exo-regular\"><b>Gran Formato<\/b><\/span><\/strong><\/p>\n<\/div><\/section><\/div><div class=\"flex_column av_one_fourth  flex_column_div av-zero-column-padding   \" style='border-radius:0px; '><section class=\"av_textblock_section\"  itemscope=\"itemscope\" itemtype=\"https:\/\/schema.org\/CreativeWork\" ><div class='avia_textblock '   itemprop=\"text\" ><p style=\"text-align: center;\"><img decoding=\"async\" class=\"alignnone size-full wp-image-179\" src=\"https:\/\/castiel-group.com\/wp-content\/uploads\/2015\/09\/c4.png\" alt=\"Equipos Para Acabados\" \/><\/p>\n<p style=\"text-align: center;\"><strong><span class=\"av_icon_caption av-special-font exo-regular\"><b>Equipos Para Acabados<\/b><\/span><\/strong><\/p>\n<\/div><\/section><\/div>\n\n<\/div><\/div><\/div><!-- close content main div --><\/div><\/div><div id='business-development' class='avia-section main_color avia-section-default avia-no-shadow avia-bg-style-scroll  container_wrap fullsize' style = 'background-color: #fbfbfb; '  ><div class='container' ><div class='template-page content  av-content-full alpha units'><div class='post-entry post-entry-type-page post-entry-370'><div class='entry-content-wrapper clearfix'>\n<section class=\"av_textblock_section\"  itemscope=\"itemscope\" itemtype=\"https:\/\/schema.org\/CreativeWork\" ><div class='avia_textblock '  style='font-size:36px; '  itemprop=\"text\" ><h1 style=\"text-align: center;\">\u00bfTIENE USTED ALG\u00daN PRODUCTO NOVEDOSO PARA LA INDUSTRIA DE LA IMPRES\u00d3N Y LAS ARTES GRAFICAS?<\/h1>\n<h1 style=\"text-align: center;\"><strong class=\"exo-bold\">NOSOTROS PODEMOS AYUDARLE A LLEVARLO AL MERCADO DE AMERICA LATINA<\/strong><\/h1>\n<\/div><\/section>\n<div style=' margin-top:0px; margin-bottom:30px;'  class='hr hr-custom hr-center hr-icon-no '><span class='hr-inner   inner-border-av-border-fat' style=' width:122px; border-color:#012d6b;' ><span class='hr-inner-style'><\/span><\/span><\/div>\n<section class=\"av_textblock_section\"  itemscope=\"itemscope\" itemtype=\"https:\/\/schema.org\/CreativeWork\" ><div class='avia_textblock '  style='font-size:16px; '  itemprop=\"text\" ><p>Apoyamos a las empresas de artes gr\u00e1ficas a penetrar en los mercados de Am\u00e9rica Latina, les ayudamos a generar su primera venta con nuestros servicios operativos de venta, tambi\u00e9n les ayudamos a construir su canal de distribuci\u00f3n en el pa\u00eds de su inter\u00e9s, donde tendr\u00e1n acceso a una importante red de prospectos potenciales para sus productos.<\/p>\n<p>Asumimos toda la responsabilidad por las ventas, desarrollo de negocios y actividades de marketing en nombre de nuestros clientes. Nuestro personal se integra plenamente en su organizaci\u00f3n, lo que nos permite actuar como cualquier otro miembro de la fuerza de ventas de su empresa. <strong class=\"exo-bold\">Podemos actuar como cualquier otro ejecutivo de ventas de su empresa.<\/strong><\/p>\n<\/div><\/section>\n<\/div><\/div><\/div><!-- close content main div --><\/div><\/div><div id='our-customers' class='avia-section main_color avia-section-default avia-no-shadow avia-bg-style-scroll  container_wrap fullsize' style = 'background-color: #fbfbfb; '  ><div class='container' ><div class='template-page content  av-content-full alpha units'><div class='post-entry post-entry-type-page post-entry-370'><div class='entry-content-wrapper clearfix'>\n<section class=\"av_textblock_section\"  itemscope=\"itemscope\" itemtype=\"https:\/\/schema.org\/CreativeWork\" ><div class='avia_textblock '   itemprop=\"text\" ><h1 class=\"mhf\" style=\"text-align: center;\">Algunos de nuestros<br \/>\n<strong class=\"exo-bold\">Clientes<\/strong><\/h1>\n<\/div><\/section>\n<div style=' margin-top:0x; margin-bottom:30px;'  class='hr hr-custom hr-center hr-icon-no '><span class='hr-inner   inner-border-av-border-fat' style=' width:122px; border-color:#012d6b;' ><span class='hr-inner-style'><\/span><\/span><\/div>\n<div  data-autoplay='false'  data-interval='5'  data-animation='slide'  class='avia-logo-element-container  avia-logo-grid avia-content-slider avia-smallarrow-slider avia-content-grid-active noHover avia-content-slider1 avia-content-slider-even ' ><div class='avia-smallarrow-slider-heading  no-logo-slider-heading '><div class='new-special-heading'>&nbsp;<\/div><\/div><div class='avia-content-slider-inner'><div class='slide-entry-wrap'  itemscope=\"itemscope\" itemtype=\"https:\/\/schema.org\/ImageObject\" ><div  class='slide-entry flex_column no_margin post-entry slide-entry-overview slide-loop-1 slide-parity-odd  av_one_fourth first real-thumbnail'><img  itemprop=\"contentURL\"  width=\"310\" height=\"188\" src=\"https:\/\/castiel-group.com\/wp-content\/uploads\/2015\/09\/highcon.png\" class=\"attachment-no scaling size-no scaling\" alt=\"\" decoding=\"async\" loading=\"lazy\" srcset=\"https:\/\/castiel-group.com\/wp-content\/uploads\/2015\/09\/highcon.png 310w, https:\/\/castiel-group.com\/wp-content\/uploads\/2015\/09\/highcon-300x182.png 300w\" sizes=\"(max-width: 310px) 100vw, 310px\" \/><\/div><div  class='slide-entry flex_column no_margin post-entry slide-entry-overview slide-loop-2 slide-parity-even  av_one_fourth  real-thumbnail'><img  itemprop=\"contentURL\"  width=\"310\" height=\"188\" src=\"https:\/\/castiel-group.com\/wp-content\/uploads\/2015\/09\/scondix.png\" class=\"attachment-no scaling size-no scaling\" alt=\"\" decoding=\"async\" loading=\"lazy\" srcset=\"https:\/\/castiel-group.com\/wp-content\/uploads\/2015\/09\/scondix.png 310w, https:\/\/castiel-group.com\/wp-content\/uploads\/2015\/09\/scondix-300x182.png 300w\" sizes=\"(max-width: 310px) 100vw, 310px\" \/><\/div><div  class='slide-entry flex_column no_margin post-entry slide-entry-overview slide-loop-3 slide-parity-odd  av_one_fourth  real-thumbnail'><img  itemprop=\"contentURL\"  width=\"310\" height=\"188\" src=\"https:\/\/castiel-group.com\/wp-content\/uploads\/2015\/09\/imagingsolutions.png\" class=\"attachment-no scaling size-no scaling\" alt=\"\" decoding=\"async\" loading=\"lazy\" srcset=\"https:\/\/castiel-group.com\/wp-content\/uploads\/2015\/09\/imagingsolutions.png 310w, https:\/\/castiel-group.com\/wp-content\/uploads\/2015\/09\/imagingsolutions-300x182.png 300w\" sizes=\"(max-width: 310px) 100vw, 310px\" \/><\/div><div  class='slide-entry flex_column no_margin post-entry slide-entry-overview slide-loop-4 slide-parity-even  av_one_fourth  real-thumbnail'><img  itemprop=\"contentURL\"  width=\"310\" height=\"188\" src=\"https:\/\/castiel-group.com\/wp-content\/uploads\/2015\/09\/landa.png\" class=\"attachment-no scaling size-no scaling\" alt=\"\" decoding=\"async\" loading=\"lazy\" srcset=\"https:\/\/castiel-group.com\/wp-content\/uploads\/2015\/09\/landa.png 310w, https:\/\/castiel-group.com\/wp-content\/uploads\/2015\/09\/landa-300x182.png 300w\" sizes=\"(max-width: 310px) 100vw, 310px\" \/><\/div><\/div><div class='slide-entry-wrap'  itemscope=\"itemscope\" itemtype=\"https:\/\/schema.org\/ImageObject\" ><div  class='slide-entry flex_column no_margin post-entry slide-entry-overview slide-loop-5 slide-parity-odd  av_one_fourth first real-thumbnail'><img  itemprop=\"contentURL\"  width=\"310\" height=\"188\" src=\"https:\/\/castiel-group.com\/wp-content\/uploads\/2015\/09\/b2cprint.png\" class=\"attachment-no scaling size-no scaling\" alt=\"\" decoding=\"async\" loading=\"lazy\" srcset=\"https:\/\/castiel-group.com\/wp-content\/uploads\/2015\/09\/b2cprint.png 310w, https:\/\/castiel-group.com\/wp-content\/uploads\/2015\/09\/b2cprint-300x182.png 300w\" sizes=\"(max-width: 310px) 100vw, 310px\" \/><\/div><div  class='slide-entry flex_column no_margin post-entry slide-entry-overview slide-loop-6 slide-parity-even  post-entry-last  av_one_fourth  real-thumbnail'><img  itemprop=\"contentURL\"  width=\"310\" height=\"188\" src=\"https:\/\/castiel-group.com\/wp-content\/uploads\/2015\/09\/dttech.png\" class=\"attachment-no scaling size-no scaling\" alt=\"\" decoding=\"async\" loading=\"lazy\" srcset=\"https:\/\/castiel-group.com\/wp-content\/uploads\/2015\/09\/dttech.png 310w, https:\/\/castiel-group.com\/wp-content\/uploads\/2015\/09\/dttech-300x182.png 300w\" sizes=\"(max-width: 310px) 100vw, 310px\" \/><\/div><\/div><\/div><\/div>\n<\/p>\n<\/div><\/div><\/div><!-- close content main div --><\/div><\/div><div id='contact' class='avia-section main_color avia-section-default avia-no-shadow avia-full-stretch avia-bg-style-scroll  container_wrap fullsize' style = 'background-repeat: no-repeat; background-image: url(https:\/\/castiel-group.com\/wp-content\/uploads\/2015\/08\/contact-us-background.jpg); background-attachment: scroll; background-position: top left; ' data-section-bg-repeat='stretch' ><div class='container' ><div class='template-page content  av-content-full alpha units'><div class='post-entry post-entry-type-page post-entry-370'><div class='entry-content-wrapper clearfix'>\n<section class=\"av_textblock_section\"  itemscope=\"itemscope\" itemtype=\"https:\/\/schema.org\/CreativeWork\" ><div class='avia_textblock '   itemprop=\"text\" ><h1 class=\"mhf\" style=\"text-align: center; font-weight: normal;\"><strong class=\"exo-bold mhf\">CONTACTO<\/strong><\/h1>\n<\/div><\/section>\n<div style=' margin-top:0; margin-bottom:30px;'  class='hr hr-custom hr-center hr-icon-no '><span class='hr-inner   inner-border-av-border-fat' style=' width:122px; border-color:#012d6b;' ><span class='hr-inner-style'><\/span><\/span><\/div>\n<section class=\"av_textblock_section\"  itemscope=\"itemscope\" itemtype=\"https:\/\/schema.org\/CreativeWork\" ><div class='avia_textblock '   itemprop=\"text\" ><h3 style=\"text-align: center; text-transform: uppercase;\">Agradecemos sus comentarios y sugerencias<\/h3>\n<\/div><\/section>\n<div class=\"flex_column av_one_fourth  flex_column_div av-zero-column-padding first  \" style='border-radius:0px; '><\/div><div class=\"flex_column av_one_half  flex_column_div av-zero-column-padding   \" style='border-radius:0px; '><section class=\"av_textblock_section\"  itemscope=\"itemscope\" itemtype=\"https:\/\/schema.org\/CreativeWork\" ><div class='avia_textblock '   itemprop=\"text\" ><p style=\"text-align: left;\"><div role=\"form\" class=\"wpcf7\" id=\"wpcf7-f358-o1\" lang=\"en-US\" dir=\"ltr\">\n<div class=\"screen-reader-response\"><\/div>\n<form action=\"\/es\/wp-json\/wp\/v2\/pages\/370#wpcf7-f358-o1\" method=\"post\" class=\"wpcf7-form\" novalidate=\"novalidate\">\n<div style=\"display: none;\">\n<input type=\"hidden\" name=\"_wpcf7\" value=\"358\" \/>\n<input type=\"hidden\" name=\"_wpcf7_version\" value=\"4.3\" \/>\n<input type=\"hidden\" name=\"_wpcf7_locale\" value=\"en_US\" \/>\n<input type=\"hidden\" name=\"_wpcf7_unit_tag\" value=\"wpcf7-f358-o1\" \/>\n<input type=\"hidden\" name=\"_wpnonce\" value=\"a210b4e6eb\" \/>\n<\/div>\n<style>\nspan.wpcf7-form-control-wrap {\n    position: inherit !important;\n}\n<\/style>\n<div class=\"contact\">\n<div class=\"contact-first\">\n<div class=\"contact-sec\">\n<p><span class=\"wpcf7-form-control-wrap your-name\"><input type=\"text\" name=\"your-name\" value=\"\" size=\"40\" class=\"wpcf7-form-control wpcf7-text wpcf7-validates-as-required\" aria-required=\"true\" aria-invalid=\"false\" placeholder=\"Nombre completo *\" \/><\/span> <\/p>\n<\/div>\n<div class=\"contact-sec2\">\n<p> <span class=\"wpcf7-form-control-wrap your-company\"><input type=\"text\" name=\"your-company\" value=\"\" size=\"40\" class=\"wpcf7-form-control wpcf7-text wpcf7-validates-as-required\" aria-required=\"true\" aria-invalid=\"false\" placeholder=\"Empresa *\" \/><\/span> <\/p>\n<\/div>\n<\/div>\n<div class=\"contact-first\">\n<div class=\"contact-sec\">\n<p><span class=\"wpcf7-form-control-wrap your-phone\"><input type=\"text\" name=\"your-phone\" value=\"\" size=\"40\" class=\"wpcf7-form-control wpcf7-text wpcf7-validates-as-required\" aria-required=\"true\" aria-invalid=\"false\" placeholder=\"Tel\u00e9fono *\" \/><\/span> <\/p>\n<\/div>\n<div class=\"contact-sec2\">\n<p><span class=\"wpcf7-form-control-wrap your-email\"><input type=\"email\" name=\"your-email\" value=\"\" size=\"40\" class=\"wpcf7-form-control wpcf7-text wpcf7-email wpcf7-validates-as-required wpcf7-validates-as-email\" aria-required=\"true\" aria-invalid=\"false\" placeholder=\"E-mail *\" \/><\/span> <\/p>\n<\/div>\n<\/div>\n<p><span class=\"wpcf7-form-control-wrap your-subject\"><input type=\"text\" name=\"your-subject\" value=\"\" size=\"40\" class=\"wpcf7-form-control wpcf7-text\" aria-invalid=\"false\" placeholder=\"Asunto\" \/><\/span> <\/p>\n<p><span class=\"wpcf7-form-control-wrap your-message\"><textarea name=\"your-message\" cols=\"40\" rows=\"10\" class=\"wpcf7-form-control wpcf7-textarea\" aria-invalid=\"false\" placeholder=\"Mensaje\"><\/textarea><\/span> <\/p>\n<p style=\"text-align:center;\"><input type=\"submit\" value=\"Enviar\" class=\"wpcf7-form-control wpcf7-submit\" \/><\/p>\n<\/div>\n<p style=\"display: none !important;\"><label>&#916;<textarea name=\"_wpcf7_ak_hp_textarea\" cols=\"45\" rows=\"8\" maxlength=\"100\"><\/textarea><\/label><input type=\"hidden\" id=\"ak_js_1\" name=\"_wpcf7_ak_js\" value=\"176\"\/><script>document.getElementById( \"ak_js_1\" ).setAttribute( \"value\", ( new Date() ).getTime() );<\/script><\/p><div class=\"wpcf7-response-output wpcf7-display-none\"><\/div><\/form><\/div><\/p>\n<\/div><\/section><\/div><div class=\"flex_column av_one_fourth  flex_column_div av-zero-column-padding   \" style='border-radius:0px; '><\/div>\n\n","protected":false},"excerpt":{"rendered":"","protected":false},"author":1,"featured_media":0,"parent":0,"menu_order":0,"comment_status":"closed","ping_status":"closed","template":"","meta":[],"_links":{"self":[{"href":"https:\/\/castiel-group.com\/es\/wp-json\/wp\/v2\/pages\/370"}],"collection":[{"href":"https:\/\/castiel-group.com\/es\/wp-json\/wp\/v2\/pages"}],"about":[{"href":"https:\/\/castiel-group.com\/es\/wp-json\/wp\/v2\/types\/page"}],"author":[{"embeddable":true,"href":"https:\/\/castiel-group.com\/es\/wp-json\/wp\/v2\/users\/1"}],"replies":[{"embeddable":true,"href":"https:\/\/castiel-group.com\/es\/wp-json\/wp\/v2\/comments?post=370"}],"version-history":[{"count":10,"href":"https:\/\/castiel-group.com\/es\/wp-json\/wp\/v2\/pages\/370\/revisions"}],"predecessor-version":[{"id":648,"href":"https:\/\/castiel-group.com\/es\/wp-json\/wp\/v2\/pages\/370\/revisions\/648"}],"wp:attachment":[{"href":"https:\/\/castiel-group.com\/es\/wp-json\/wp\/v2\/media?parent=370"}],"curies":[{"name":"wp","href":"https:\/\/api.w.org\/{rel}","templated":true}]}}