{"id":399,"date":"2015-09-02T12:24:04","date_gmt":"2015-09-02T12:24:04","guid":{"rendered":"https:\/\/castiel-group.com\/es\/news-and-events\/"},"modified":"2015-11-03T12:25:44","modified_gmt":"2015-11-03T12:25:44","slug":"noticia-y-eventos","status":"publish","type":"page","link":"https:\/\/castiel-group.com\/es\/noticia-y-eventos\/","title":{"rendered":"Noticia y Eventos"},"content":{"rendered":"<div id='layer_slider_1' class='avia-layerslider main_color avia-shadow  container_wrap fullsize'    style='height: 355px;' ><\/div>\n<\/div><\/div><\/div><!-- close content main div --><\/div><\/div><div id='business-development' class='avia-section main_color avia-section-default avia-no-shadow avia-bg-style-scroll  container_wrap fullsize'   ><div class='container' ><div class='template-page content  av-content-full alpha units'><div class='post-entry post-entry-type-page post-entry-399'><div class='entry-content-wrapper clearfix'>\n<section class=\"av_textblock_section\"  itemscope=\"itemscope\" itemtype=\"https:\/\/schema.org\/CreativeWork\" ><div class='avia_textblock '  style='font-size:24px; '  itemprop=\"text\" ><p class=\"exo-bold\" style=\"text-align: center;\">MANTENGASE INFORMADO DE LAS NOVEDADES Y CONOZCA M\u00c1S DE LA COMUNIDAD DE NEGOCIOS DE AMERICA LATINA.<\/p>\n<h1 class=\"mhf\" style=\"text-align: center;\">S\u00cdGANOS.<\/h1>\n<\/div><\/section>\n<div style=' margin-top:5px; margin-bottom:10px;'  class='hr hr-custom hr-center hr-icon-no '><span class='hr-inner   inner-border-av-border-fat' style=' width:150px; border-color:#012d6b;' ><span class='hr-inner-style'><\/span><\/span><\/div>\n\n<\/div><\/div><\/div><!-- close content main div --><\/div><\/div><div id='evt' class='avia-section main_color avia-section-default avia-no-shadow avia-bg-style-scroll  container_wrap fullsize' style = 'background-color: #eaecf4; '  ><div class='container' ><div class='template-page content  av-content-full alpha units'><div class='post-entry post-entry-type-page post-entry-399'><div class='entry-content-wrapper clearfix'>\n<section class=\"av_textblock_section\"  itemscope=\"itemscope\" itemtype=\"https:\/\/schema.org\/CreativeWork\" ><div class='avia_textblock '   itemprop=\"text\" ><p><img decoding=\"async\" loading=\"lazy\" class=\"size-full wp-image-238 aligncenter\" src=\"https:\/\/castiel-group.com\/wp-content\/uploads\/2015\/09\/event.png\" alt=\"event\" width=\"119\" height=\"118\" srcset=\"https:\/\/castiel-group.com\/wp-content\/uploads\/2015\/09\/event.png 119w, https:\/\/castiel-group.com\/wp-content\/uploads\/2015\/09\/event-80x80.png 80w, https:\/\/castiel-group.com\/wp-content\/uploads\/2015\/09\/event-36x36.png 36w\" sizes=\"(max-width: 119px) 100vw, 119px\" \/><\/p>\n<h1 class=\"exco-bold mhf\" style=\"text-align: center; margin-top: 10px;\">Eventos<\/h1>\n<\/div><\/section>\n<div style=' margin-top:1px; margin-bottom:30px;'  class='hr hr-custom hr-center hr-icon-no '><span class='hr-inner   inner-border-av-border-fat' style=' width:100%; border-color:#f1592a;' ><span class='hr-inner-style'><\/span><\/span><\/div>\n<div  data-autoplay=''  data-interval='5'  data-animation='fade'  data-show_slide_delay='90'  class='avia-content-slider avia-content-grid-active avia-content-slider1 avia-content-slider-odd '  itemscope=\"itemscope\" itemtype=\"https:\/\/schema.org\/Blog\" ><div class='avia-content-slider-inner'><div class='slide-entry-wrap'><article class='slide-entry flex_column  post-entry post-entry-585 slide-entry-overview slide-loop-1 slide-parity-odd  post-entry-last  av_fullwidth first real-thumbnail'  itemscope=\"itemscope\" itemtype=\"https:\/\/schema.org\/BlogPosting\" itemprop=\"blogPost\" ><a href='https:\/\/castiel-group.com\/es\/industrial-research-development-and-innovation-call-for-proposals\/' data-rel='slide-1' class='slide-image' title=''><img width=\"300\" height=\"142\" src=\"https:\/\/castiel-group.com\/wp-content\/uploads\/2015\/11\/logo_conacyt1.png\" class=\"attachment-large size-large wp-post-image\" alt=\"\" decoding=\"async\" loading=\"lazy\" \/><\/a><div class='slide-content'><header class=\"entry-content-header\"><h3 class='slide-entry-title entry-title'  itemprop=\"headline\" ><a href='https:\/\/castiel-group.com\/es\/industrial-research-development-and-innovation-call-for-proposals\/' title='Convocatoria para proyectos de Investigaci\u00f3n y desarrollo 2015'>Convocatoria para proyectos de Investigaci\u00f3n y desarrollo 2015<\/a><\/h3><\/header><div class='slide-meta'><div class='slide-meta-comments'><a href='https:\/\/castiel-group.com\/es\/industrial-research-development-and-innovation-call-for-proposals\/#respond'>0 Comentarios<\/a><\/div><div class='slide-meta-del'>\/<\/div><time class='slide-meta-time updated'  itemprop=\"datePublished\" datetime=\"2015-11-02T14:12:13+00:00\" >November 2, 2015<\/time><\/div><div class='slide-entry-excerpt entry-content'  itemprop=\"text\" >El programa M\u00e9xico-Israel para la Investigaci\u00f3n Industrial y Desarrollo e Innovaci\u00f3n se complace en anunciar su:\r\nConvocatoria para la presentaci\u00f3n de proyectos de Investigaci\u00f3n Industrial, Desarrollo e Innovaci\u00f3n\r\nFecha l\u00edmite de presentaci\u00f3n: 30 de noviembre 2015\r\nPresupuesto total: $ 4,000,000.00 USD<div class=\"read-more-link\"><a href=\"https:\/\/castiel-group.com\/es\/industrial-research-development-and-innovation-call-for-proposals\/\" class=\"more-link\">Aprender mas<span class=\"more-link-arrow\"><\/span><\/a><\/div><\/div><\/div><footer class=\"entry-footer\"><\/footer><\/article><\/div><\/div><\/div>\n<div class='avia-button-wrap avia-button-center '><a href='' class='avia-button  avia-icon_select-no avia-color-custom avia-size-large avia-position-center '  style='background-color:#eaecf4; border-color:#eaecf4; color:#012d6a; ' ><span class='avia_iconbox_title' >\u201cLeer m\u00e1s<\/span><\/a><\/div>\n\n<\/div><\/div><\/div><!-- close content main div --><\/div><\/div><div id='linked' class='avia-section main_color avia-section-default avia-no-shadow avia-bg-style-scroll  container_wrap fullsize' style = 'background-color: #ffffff; '  ><div class='container' ><div class='template-page content  av-content-full alpha units'><div class='post-entry post-entry-type-page post-entry-399'><div class='entry-content-wrapper clearfix'>\n<section class=\"av_textblock_section\"  itemscope=\"itemscope\" itemtype=\"https:\/\/schema.org\/BlogPosting\" itemprop=\"blogPost\" ><div class='avia_textblock '   itemprop=\"text\" ><p><img decoding=\"async\" loading=\"lazy\" class=\"size-full wp-image-265 aligncenter\" src=\"https:\/\/castiel-group.com\/wp-content\/uploads\/2015\/09\/news.png\" alt=\"news\" width=\"118\" height=\"115\" srcset=\"https:\/\/castiel-group.com\/wp-content\/uploads\/2015\/09\/news.png 118w, https:\/\/castiel-group.com\/wp-content\/uploads\/2015\/09\/news-36x36.png 36w\" sizes=\"(max-width: 118px) 100vw, 118px\" \/><\/p>\n<h1 class=\"exco-bold mhf\" style=\"text-align: center; margin-top: 0;\">Noticias<\/h1>\n<\/div><\/section>\n<div style=' margin-top:1px; margin-bottom:30px;'  class='hr hr-custom hr-center hr-icon-no '><span class='hr-inner   inner-border-av-border-fat' style=' width:100%; border-color:#40a8b1;' ><span class='hr-inner-style'><\/span><\/span><\/div>\n\n<div class='avia-button-wrap avia-button-center '><a href='' class='avia-button  avia-icon_select-no avia-color-custom avia-size-large avia-position-center '  style='background-color:#ffffff; border-color:#ffffff; color:#012d6a; ' ><span class='avia_iconbox_title' >S\u00edganos<\/span><\/a><\/div>\n\n<\/div><\/div><\/div><!-- close content main div --><\/div><\/div><div id='contact' class='avia-section main_color avia-section-default avia-no-shadow avia-full-stretch avia-bg-style-scroll  container_wrap fullsize' style = 'background-repeat: no-repeat; background-image: url(https:\/\/castiel-group.com\/wp-content\/uploads\/2015\/08\/contact-us-background.jpg); background-attachment: scroll; background-position: top left; ' data-section-bg-repeat='stretch' ><div class='container' ><div class='template-page content  av-content-full alpha units'><div class='post-entry post-entry-type-page post-entry-399'><div class='entry-content-wrapper clearfix'>\n<section class=\"av_textblock_section\"  itemscope=\"itemscope\" itemtype=\"https:\/\/schema.org\/BlogPosting\" itemprop=\"blogPost\" ><div class='avia_textblock '   itemprop=\"text\" ><h1 class=\"mhf\" style=\"text-align: center; font-weight: normal;\"><strong class=\"exo-bold mhf\">CONTACTO<\/strong><\/h1>\n<\/div><\/section>\n<div style=' margin-top:0; margin-bottom:30px;'  class='hr hr-custom hr-center hr-icon-no '><span class='hr-inner   inner-border-av-border-fat' style=' width:122px; border-color:#012d6b;' ><span class='hr-inner-style'><\/span><\/span><\/div>\n<section class=\"av_textblock_section\"  itemscope=\"itemscope\" itemtype=\"https:\/\/schema.org\/BlogPosting\" itemprop=\"blogPost\" ><div class='avia_textblock '   itemprop=\"text\" ><h3 style=\"text-align: center; text-transform: uppercase;\">Agradecemos sus comentarios y sugerencias<\/h3>\n<\/div><\/section>\n<div class=\"flex_column av_one_fourth  flex_column_div av-zero-column-padding first  \" style='border-radius:0px; '><\/div><div class=\"flex_column av_one_half  flex_column_div av-zero-column-padding   \" style='border-radius:0px; '><section class=\"av_textblock_section\"  itemscope=\"itemscope\" itemtype=\"https:\/\/schema.org\/BlogPosting\" itemprop=\"blogPost\" ><div class='avia_textblock '   itemprop=\"text\" ><p style=\"text-align: left;\"><div role=\"form\" class=\"wpcf7\" id=\"wpcf7-f358-o1\" lang=\"en-US\" dir=\"ltr\">\n<div class=\"screen-reader-response\"><\/div>\n<form action=\"\/es\/wp-json\/wp\/v2\/pages\/399#wpcf7-f358-o1\" method=\"post\" class=\"wpcf7-form\" novalidate=\"novalidate\">\n<div style=\"display: none;\">\n<input type=\"hidden\" name=\"_wpcf7\" value=\"358\" \/>\n<input type=\"hidden\" name=\"_wpcf7_version\" value=\"4.3\" \/>\n<input type=\"hidden\" name=\"_wpcf7_locale\" value=\"en_US\" \/>\n<input type=\"hidden\" name=\"_wpcf7_unit_tag\" value=\"wpcf7-f358-o1\" \/>\n<input type=\"hidden\" name=\"_wpnonce\" value=\"a210b4e6eb\" \/>\n<\/div>\n<style>\nspan.wpcf7-form-control-wrap {\n    position: inherit !important;\n}\n<\/style>\n<div class=\"contact\">\n<div class=\"contact-first\">\n<div class=\"contact-sec\">\n<p><span class=\"wpcf7-form-control-wrap your-name\"><input type=\"text\" name=\"your-name\" value=\"\" size=\"40\" class=\"wpcf7-form-control wpcf7-text wpcf7-validates-as-required\" aria-required=\"true\" aria-invalid=\"false\" placeholder=\"Nombre completo *\" \/><\/span> <\/p>\n<\/div>\n<div class=\"contact-sec2\">\n<p> <span class=\"wpcf7-form-control-wrap your-company\"><input type=\"text\" name=\"your-company\" value=\"\" size=\"40\" class=\"wpcf7-form-control wpcf7-text wpcf7-validates-as-required\" aria-required=\"true\" aria-invalid=\"false\" placeholder=\"Empresa *\" \/><\/span> <\/p>\n<\/div>\n<\/div>\n<div class=\"contact-first\">\n<div class=\"contact-sec\">\n<p><span class=\"wpcf7-form-control-wrap your-phone\"><input type=\"text\" name=\"your-phone\" value=\"\" size=\"40\" class=\"wpcf7-form-control wpcf7-text wpcf7-validates-as-required\" aria-required=\"true\" aria-invalid=\"false\" placeholder=\"Tel\u00e9fono *\" \/><\/span> <\/p>\n<\/div>\n<div class=\"contact-sec2\">\n<p><span class=\"wpcf7-form-control-wrap your-email\"><input type=\"email\" name=\"your-email\" value=\"\" size=\"40\" class=\"wpcf7-form-control wpcf7-text wpcf7-email wpcf7-validates-as-required wpcf7-validates-as-email\" aria-required=\"true\" aria-invalid=\"false\" placeholder=\"E-mail *\" \/><\/span> <\/p>\n<\/div>\n<\/div>\n<p><span class=\"wpcf7-form-control-wrap your-subject\"><input type=\"text\" name=\"your-subject\" value=\"\" size=\"40\" class=\"wpcf7-form-control wpcf7-text\" aria-invalid=\"false\" placeholder=\"Asunto\" \/><\/span> <\/p>\n<p><span class=\"wpcf7-form-control-wrap your-message\"><textarea name=\"your-message\" cols=\"40\" rows=\"10\" class=\"wpcf7-form-control wpcf7-textarea\" aria-invalid=\"false\" placeholder=\"Mensaje\"><\/textarea><\/span> <\/p>\n<p style=\"text-align:center;\"><input type=\"submit\" value=\"Enviar\" class=\"wpcf7-form-control wpcf7-submit\" \/><\/p>\n<\/div>\n<p style=\"display: none !important;\"><label>&#916;<textarea name=\"_wpcf7_ak_hp_textarea\" cols=\"45\" rows=\"8\" maxlength=\"100\"><\/textarea><\/label><input type=\"hidden\" id=\"ak_js_1\" name=\"_wpcf7_ak_js\" value=\"32\"\/><script>document.getElementById( \"ak_js_1\" ).setAttribute( \"value\", ( new Date() ).getTime() );<\/script><\/p><div class=\"wpcf7-response-output wpcf7-display-none\"><\/div><\/form><\/div><\/p>\n<\/div><\/section><\/div><div class=\"flex_column av_one_fourth  flex_column_div av-zero-column-padding   \" style='border-radius:0px; '><\/div>\n\n","protected":false},"excerpt":{"rendered":"","protected":false},"author":1,"featured_media":0,"parent":0,"menu_order":0,"comment_status":"closed","ping_status":"closed","template":"","meta":[],"_links":{"self":[{"href":"https:\/\/castiel-group.com\/es\/wp-json\/wp\/v2\/pages\/399"}],"collection":[{"href":"https:\/\/castiel-group.com\/es\/wp-json\/wp\/v2\/pages"}],"about":[{"href":"https:\/\/castiel-group.com\/es\/wp-json\/wp\/v2\/types\/page"}],"author":[{"embeddable":true,"href":"https:\/\/castiel-group.com\/es\/wp-json\/wp\/v2\/users\/1"}],"replies":[{"embeddable":true,"href":"https:\/\/castiel-group.com\/es\/wp-json\/wp\/v2\/comments?post=399"}],"version-history":[{"count":9,"href":"https:\/\/castiel-group.com\/es\/wp-json\/wp\/v2\/pages\/399\/revisions"}],"predecessor-version":[{"id":587,"href":"https:\/\/castiel-group.com\/es\/wp-json\/wp\/v2\/pages\/399\/revisions\/587"}],"wp:attachment":[{"href":"https:\/\/castiel-group.com\/es\/wp-json\/wp\/v2\/media?parent=399"}],"curies":[{"name":"wp","href":"https:\/\/api.w.org\/{rel}","templated":true}]}}